{"id":2642,"date":"2022-11-01T10:38:16","date_gmt":"2022-11-01T10:38:16","guid":{"rendered":"https:\/\/peacock.nu\/ota-yhteytta\/"},"modified":"2023-09-19T12:00:34","modified_gmt":"2023-09-19T12:00:34","slug":"ota-yhteytta","status":"publish","type":"page","link":"https:\/\/peacock.nu\/fi\/ota-yhteytta\/","title":{"rendered":"Ota yhteytt\u00e4"},"content":{"rendered":"\n<p>Arvostamme aina lukijoidemme mielipiteit\u00e4, ja autamme mielell\u00e4mme kaikissa kysymyksiss\u00e4si.<\/p>\n\n<p>Tavoitat meid\u00e4t kahden p\u00e4\u00e4kanavan kautta: Skypen ja yhteydenottolomakkeemme kautta. Huomaathan, ett\u00e4 s\u00e4hk\u00f6postin suuren roskapostim\u00e4\u00e4r\u00e4n vuoksi <strong>otat mieluummin yhteytt\u00e4 Skypeen, jotta viestisi saadaan perille<\/strong> ja k\u00e4sitell\u00e4\u00e4n tehokkaasti.<\/p>\n\n<h2 class=\"wp-block-heading\">Skype<\/h2>\n\n<p>Jos haluat ottaa meihin suoraan ja v\u00e4litt\u00f6m\u00e4sti yhteytt\u00e4, k\u00e4yt\u00e4 Skype\u00e4.  <\/p>\n\n<p><strong>Skype<\/strong>: Live:.cid.d5c381bed0056b6c<\/p>\n\n<p>Pyrimme vastaamaan kaikkiin Skype-viesteihin 24 tunnin kuluessa.<\/p>\n\n<h2 class=\"wp-block-heading\">Yhteydenottolomake<\/h2>\n\n<p>Jos haluat k\u00e4ytt\u00e4\u00e4 yhteydenottolomakettamme, t\u00e4yt\u00e4 alla olevat tarvittavat tiedot ja l\u00e4het\u00e4 viestisi. Huomaa, ett\u00e4 vastauksen saaminen t\u00e4ll\u00e4 menetelm\u00e4ll\u00e4 voi kest\u00e4\u00e4 hieman kauemmin, koska saamme paljon roskapostia.<\/p>\n<p>[wpforms id=&#8221;5691&#8243;]\t<\/p>\n","protected":false},"excerpt":{"rendered":"<p>Arvostamme aina lukijoidemme mielipiteit\u00e4, ja autamme mielell\u00e4mme kaikissa kysymyksiss\u00e4si. Tavoitat meid\u00e4t kahden p\u00e4\u00e4kanavan kautta: Skypen ja yhteydenottolomakkeemme kautta. Huomaathan, ett\u00e4 s\u00e4hk\u00f6postin suuren roskapostim\u00e4\u00e4r\u00e4n vuoksi otat mieluummin yhteytt\u00e4 Skypeen, jotta viestisi&hellip;<\/p>\n","protected":false},"author":1,"featured_media":0,"parent":0,"menu_order":0,"comment_status":"closed","ping_status":"closed","template":"","meta":{"footnotes":""},"class_list":["post-2642","page","type-page","status-publish","hentry"],"yoast_head":"<!-- This site is optimized with the Yoast SEO plugin v23.0 - https:\/\/yoast.com\/wordpress\/plugins\/seo\/ -->\n<title>Ota yhteytt\u00e4 - Peacock<\/title>\n<meta name=\"robots\" content=\"index, follow, max-snippet:-1, max-image-preview:large, max-video-preview:-1\" \/>\n<link rel=\"canonical\" href=\"https:\/\/peacock.nu\/fi\/ota-yhteytta\/\" \/>\n<meta property=\"og:locale\" content=\"fi_FI\" \/>\n<meta property=\"og:type\" content=\"article\" \/>\n<meta property=\"og:title\" content=\"Ota yhteytt\u00e4 - Peacock\" \/>\n<meta property=\"og:description\" content=\"Arvostamme aina lukijoidemme mielipiteit\u00e4, ja autamme mielell\u00e4mme kaikissa kysymyksiss\u00e4si. Tavoitat meid\u00e4t kahden p\u00e4\u00e4kanavan kautta: Skypen ja yhteydenottolomakkeemme kautta. Huomaathan, ett\u00e4 s\u00e4hk\u00f6postin suuren roskapostim\u00e4\u00e4r\u00e4n vuoksi otat mieluummin yhteytt\u00e4 Skypeen, jotta viestisi&hellip;\" \/>\n<meta property=\"og:url\" content=\"https:\/\/peacock.nu\/fi\/ota-yhteytta\/\" \/>\n<meta property=\"og:site_name\" content=\"Peacock\" \/>\n<meta property=\"article:modified_time\" content=\"2023-09-19T12:00:34+00:00\" \/>\n<meta name=\"twitter:card\" content=\"summary_large_image\" \/>\n<meta name=\"twitter:label1\" content=\"Arvioitu lukuaika\" \/>\n\t<meta name=\"twitter:data1\" content=\"1 minuutti\" \/>\n<script type=\"application\/ld+json\" class=\"yoast-schema-graph\">{\"@context\":\"https:\/\/schema.org\",\"@graph\":[{\"@type\":\"WebPage\",\"@id\":\"https:\/\/peacock.nu\/fi\/ota-yhteytta\/\",\"url\":\"https:\/\/peacock.nu\/fi\/ota-yhteytta\/\",\"name\":\"Ota yhteytt\u00e4 - Peacock\",\"isPartOf\":{\"@id\":\"https:\/\/peacock.nu\/#website\"},\"datePublished\":\"2022-11-01T10:38:16+00:00\",\"dateModified\":\"2023-09-19T12:00:34+00:00\",\"breadcrumb\":{\"@id\":\"https:\/\/peacock.nu\/fi\/ota-yhteytta\/#breadcrumb\"},\"inLanguage\":\"fi\",\"potentialAction\":[{\"@type\":\"ReadAction\",\"target\":[\"https:\/\/peacock.nu\/fi\/ota-yhteytta\/\"]}]},{\"@type\":\"BreadcrumbList\",\"@id\":\"https:\/\/peacock.nu\/fi\/ota-yhteytta\/#breadcrumb\",\"itemListElement\":[{\"@type\":\"ListItem\",\"position\":1,\"name\":\"Hem\",\"item\":\"https:\/\/peacock.nu\/\"},{\"@type\":\"ListItem\",\"position\":2,\"name\":\"Ota yhteytt\u00e4\"}]},{\"@type\":\"WebSite\",\"@id\":\"https:\/\/peacock.nu\/#website\",\"url\":\"https:\/\/peacock.nu\/\",\"name\":\"Peacock\",\"description\":\"\",\"potentialAction\":[{\"@type\":\"SearchAction\",\"target\":{\"@type\":\"EntryPoint\",\"urlTemplate\":\"https:\/\/peacock.nu\/?s={search_term_string}\"},\"query-input\":\"required name=search_term_string\"}],\"inLanguage\":\"fi\"}]}<\/script>\n<!-- \/ Yoast SEO plugin. -->","yoast_head_json":{"title":"Ota yhteytt\u00e4 - Peacock","robots":{"index":"index","follow":"follow","max-snippet":"max-snippet:-1","max-image-preview":"max-image-preview:large","max-video-preview":"max-video-preview:-1"},"canonical":"https:\/\/peacock.nu\/fi\/ota-yhteytta\/","og_locale":"fi_FI","og_type":"article","og_title":"Ota yhteytt\u00e4 - Peacock","og_description":"Arvostamme aina lukijoidemme mielipiteit\u00e4, ja autamme mielell\u00e4mme kaikissa kysymyksiss\u00e4si. Tavoitat meid\u00e4t kahden p\u00e4\u00e4kanavan kautta: Skypen ja yhteydenottolomakkeemme kautta. Huomaathan, ett\u00e4 s\u00e4hk\u00f6postin suuren roskapostim\u00e4\u00e4r\u00e4n vuoksi otat mieluummin yhteytt\u00e4 Skypeen, jotta viestisi&hellip;","og_url":"https:\/\/peacock.nu\/fi\/ota-yhteytta\/","og_site_name":"Peacock","article_modified_time":"2023-09-19T12:00:34+00:00","twitter_card":"summary_large_image","twitter_misc":{"Arvioitu lukuaika":"1 minuutti"},"schema":{"@context":"https:\/\/schema.org","@graph":[{"@type":"WebPage","@id":"https:\/\/peacock.nu\/fi\/ota-yhteytta\/","url":"https:\/\/peacock.nu\/fi\/ota-yhteytta\/","name":"Ota yhteytt\u00e4 - Peacock","isPartOf":{"@id":"https:\/\/peacock.nu\/#website"},"datePublished":"2022-11-01T10:38:16+00:00","dateModified":"2023-09-19T12:00:34+00:00","breadcrumb":{"@id":"https:\/\/peacock.nu\/fi\/ota-yhteytta\/#breadcrumb"},"inLanguage":"fi","potentialAction":[{"@type":"ReadAction","target":["https:\/\/peacock.nu\/fi\/ota-yhteytta\/"]}]},{"@type":"BreadcrumbList","@id":"https:\/\/peacock.nu\/fi\/ota-yhteytta\/#breadcrumb","itemListElement":[{"@type":"ListItem","position":1,"name":"Hem","item":"https:\/\/peacock.nu\/"},{"@type":"ListItem","position":2,"name":"Ota yhteytt\u00e4"}]},{"@type":"WebSite","@id":"https:\/\/peacock.nu\/#website","url":"https:\/\/peacock.nu\/","name":"Peacock","description":"","potentialAction":[{"@type":"SearchAction","target":{"@type":"EntryPoint","urlTemplate":"https:\/\/peacock.nu\/?s={search_term_string}"},"query-input":"required name=search_term_string"}],"inLanguage":"fi"}]}},"_links":{"self":[{"href":"https:\/\/peacock.nu\/fi\/wp-json\/wp\/v2\/pages\/2642","targetHints":{"allow":["GET"]}}],"collection":[{"href":"https:\/\/peacock.nu\/fi\/wp-json\/wp\/v2\/pages"}],"about":[{"href":"https:\/\/peacock.nu\/fi\/wp-json\/wp\/v2\/types\/page"}],"author":[{"embeddable":true,"href":"https:\/\/peacock.nu\/fi\/wp-json\/wp\/v2\/users\/1"}],"replies":[{"embeddable":true,"href":"https:\/\/peacock.nu\/fi\/wp-json\/wp\/v2\/comments?post=2642"}],"version-history":[{"count":4,"href":"https:\/\/peacock.nu\/fi\/wp-json\/wp\/v2\/pages\/2642\/revisions"}],"predecessor-version":[{"id":5702,"href":"https:\/\/peacock.nu\/fi\/wp-json\/wp\/v2\/pages\/2642\/revisions\/5702"}],"wp:attachment":[{"href":"https:\/\/peacock.nu\/fi\/wp-json\/wp\/v2\/media?parent=2642"}],"curies":[{"name":"wp","href":"https:\/\/api.w.org\/{rel}","templated":true}]}}