{"id":2653,"date":"2022-11-01T10:38:16","date_gmt":"2022-11-01T10:38:16","guid":{"rendered":"https:\/\/peacock.nu\/contact\/"},"modified":"2023-09-19T12:00:35","modified_gmt":"2023-09-19T12:00:35","slug":"contact","status":"publish","type":"page","link":"https:\/\/peacock.nu\/fr\/contact\/","title":{"rendered":"Contact"},"content":{"rendered":"\n<p>Nous appr\u00e9cions toujours les commentaires de nos lecteurs et nous sommes \u00e0 votre disposition pour r\u00e9pondre \u00e0 vos questions.<\/p>\n\n<p>Vous pouvez nous joindre par deux canaux principaux : Skype et notre formulaire de contact en ligne. Veuillez noter qu&rsquo;en raison du volume \u00e9lev\u00e9 de spams, <strong>nous pr\u00e9f\u00e9rons que vous nous contactiez par Skype afin de garantir que votre message soit re\u00e7u<\/strong> et trait\u00e9 efficacement.<\/p>\n\n<h2 class=\"wp-block-heading\">Skype<\/h2>\n\n<p>Pour nous contacter directement et imm\u00e9diatement, utilisez Skype.  <\/p>\n\n<p><strong>Skype<\/strong>: live :.cid.d5c381bed0056b6c<\/p>\n\n<p>Nous nous effor\u00e7ons de r\u00e9pondre \u00e0 tous les messages Skype dans les 24 heures.<\/p>\n\n<h2 class=\"wp-block-heading\">Formulaire de contact<\/h2>\n\n<p>Si vous pr\u00e9f\u00e9rez utiliser notre formulaire de contact, veuillez remplir les informations n\u00e9cessaires ci-dessous et envoyer votre message. Veuillez noter que le d\u00e9lai de r\u00e9ponse peut \u00eatre un peu plus long en raison du nombre de spams que nous recevons.<\/p>\n<p>[wpforms id=\u00a0\u00bb5691&Prime;]\t<\/p>\n","protected":false},"excerpt":{"rendered":"<p>Nous appr\u00e9cions toujours les commentaires de nos lecteurs et nous sommes \u00e0 votre disposition pour r\u00e9pondre \u00e0 vos questions. Vous pouvez nous joindre par deux canaux principaux : Skype et&hellip;<\/p>\n","protected":false},"author":1,"featured_media":0,"parent":0,"menu_order":0,"comment_status":"closed","ping_status":"closed","template":"","meta":{"footnotes":""},"class_list":["post-2653","page","type-page","status-publish","hentry"],"yoast_head":"<!-- This site is optimized with the Yoast SEO plugin v23.0 - https:\/\/yoast.com\/wordpress\/plugins\/seo\/ -->\n<title>Contact - Peacock<\/title>\n<meta name=\"robots\" content=\"index, follow, max-snippet:-1, max-image-preview:large, max-video-preview:-1\" \/>\n<link rel=\"canonical\" href=\"https:\/\/peacock.nu\/fr\/contact\/\" \/>\n<meta property=\"og:locale\" content=\"fr_FR\" \/>\n<meta property=\"og:type\" content=\"article\" \/>\n<meta property=\"og:title\" content=\"Contact - Peacock\" \/>\n<meta property=\"og:description\" content=\"Nous appr\u00e9cions toujours les commentaires de nos lecteurs et nous sommes \u00e0 votre disposition pour r\u00e9pondre \u00e0 vos questions. Vous pouvez nous joindre par deux canaux principaux : Skype et&hellip;\" \/>\n<meta property=\"og:url\" content=\"https:\/\/peacock.nu\/fr\/contact\/\" \/>\n<meta property=\"og:site_name\" content=\"Peacock\" \/>\n<meta property=\"article:modified_time\" content=\"2023-09-19T12:00:35+00:00\" \/>\n<meta name=\"twitter:card\" content=\"summary_large_image\" \/>\n<meta name=\"twitter:label1\" content=\"Dur\u00e9e de lecture estim\u00e9e\" \/>\n\t<meta name=\"twitter:data1\" content=\"1 minute\" \/>\n<script type=\"application\/ld+json\" class=\"yoast-schema-graph\">{\"@context\":\"https:\/\/schema.org\",\"@graph\":[{\"@type\":\"WebPage\",\"@id\":\"https:\/\/peacock.nu\/fr\/contact\/\",\"url\":\"https:\/\/peacock.nu\/fr\/contact\/\",\"name\":\"Contact - Peacock\",\"isPartOf\":{\"@id\":\"https:\/\/peacock.nu\/#website\"},\"datePublished\":\"2022-11-01T10:38:16+00:00\",\"dateModified\":\"2023-09-19T12:00:35+00:00\",\"breadcrumb\":{\"@id\":\"https:\/\/peacock.nu\/fr\/contact\/#breadcrumb\"},\"inLanguage\":\"fr-FR\",\"potentialAction\":[{\"@type\":\"ReadAction\",\"target\":[\"https:\/\/peacock.nu\/fr\/contact\/\"]}]},{\"@type\":\"BreadcrumbList\",\"@id\":\"https:\/\/peacock.nu\/fr\/contact\/#breadcrumb\",\"itemListElement\":[{\"@type\":\"ListItem\",\"position\":1,\"name\":\"Hem\",\"item\":\"https:\/\/peacock.nu\/fr\/soledad_home\/\"},{\"@type\":\"ListItem\",\"position\":2,\"name\":\"Contact\"}]},{\"@type\":\"WebSite\",\"@id\":\"https:\/\/peacock.nu\/#website\",\"url\":\"https:\/\/peacock.nu\/\",\"name\":\"Peacock\",\"description\":\"\",\"potentialAction\":[{\"@type\":\"SearchAction\",\"target\":{\"@type\":\"EntryPoint\",\"urlTemplate\":\"https:\/\/peacock.nu\/?s={search_term_string}\"},\"query-input\":\"required name=search_term_string\"}],\"inLanguage\":\"fr-FR\"}]}<\/script>\n<!-- \/ Yoast SEO plugin. -->","yoast_head_json":{"title":"Contact - Peacock","robots":{"index":"index","follow":"follow","max-snippet":"max-snippet:-1","max-image-preview":"max-image-preview:large","max-video-preview":"max-video-preview:-1"},"canonical":"https:\/\/peacock.nu\/fr\/contact\/","og_locale":"fr_FR","og_type":"article","og_title":"Contact - Peacock","og_description":"Nous appr\u00e9cions toujours les commentaires de nos lecteurs et nous sommes \u00e0 votre disposition pour r\u00e9pondre \u00e0 vos questions. Vous pouvez nous joindre par deux canaux principaux : Skype et&hellip;","og_url":"https:\/\/peacock.nu\/fr\/contact\/","og_site_name":"Peacock","article_modified_time":"2023-09-19T12:00:35+00:00","twitter_card":"summary_large_image","twitter_misc":{"Dur\u00e9e de lecture estim\u00e9e":"1 minute"},"schema":{"@context":"https:\/\/schema.org","@graph":[{"@type":"WebPage","@id":"https:\/\/peacock.nu\/fr\/contact\/","url":"https:\/\/peacock.nu\/fr\/contact\/","name":"Contact - Peacock","isPartOf":{"@id":"https:\/\/peacock.nu\/#website"},"datePublished":"2022-11-01T10:38:16+00:00","dateModified":"2023-09-19T12:00:35+00:00","breadcrumb":{"@id":"https:\/\/peacock.nu\/fr\/contact\/#breadcrumb"},"inLanguage":"fr-FR","potentialAction":[{"@type":"ReadAction","target":["https:\/\/peacock.nu\/fr\/contact\/"]}]},{"@type":"BreadcrumbList","@id":"https:\/\/peacock.nu\/fr\/contact\/#breadcrumb","itemListElement":[{"@type":"ListItem","position":1,"name":"Hem","item":"https:\/\/peacock.nu\/fr\/soledad_home\/"},{"@type":"ListItem","position":2,"name":"Contact"}]},{"@type":"WebSite","@id":"https:\/\/peacock.nu\/#website","url":"https:\/\/peacock.nu\/","name":"Peacock","description":"","potentialAction":[{"@type":"SearchAction","target":{"@type":"EntryPoint","urlTemplate":"https:\/\/peacock.nu\/?s={search_term_string}"},"query-input":"required name=search_term_string"}],"inLanguage":"fr-FR"}]}},"_links":{"self":[{"href":"https:\/\/peacock.nu\/fr\/wp-json\/wp\/v2\/pages\/2653","targetHints":{"allow":["GET"]}}],"collection":[{"href":"https:\/\/peacock.nu\/fr\/wp-json\/wp\/v2\/pages"}],"about":[{"href":"https:\/\/peacock.nu\/fr\/wp-json\/wp\/v2\/types\/page"}],"author":[{"embeddable":true,"href":"https:\/\/peacock.nu\/fr\/wp-json\/wp\/v2\/users\/1"}],"replies":[{"embeddable":true,"href":"https:\/\/peacock.nu\/fr\/wp-json\/wp\/v2\/comments?post=2653"}],"version-history":[{"count":6,"href":"https:\/\/peacock.nu\/fr\/wp-json\/wp\/v2\/pages\/2653\/revisions"}],"predecessor-version":[{"id":5703,"href":"https:\/\/peacock.nu\/fr\/wp-json\/wp\/v2\/pages\/2653\/revisions\/5703"}],"wp:attachment":[{"href":"https:\/\/peacock.nu\/fr\/wp-json\/wp\/v2\/media?parent=2653"}],"curies":[{"name":"wp","href":"https:\/\/api.w.org\/{rel}","templated":true}]}}