{"id":4361,"date":"2022-11-01T10:38:16","date_gmt":"2022-11-01T10:38:16","guid":{"rendered":"https:\/\/peacock.nu\/sazinieties-ar\/"},"modified":"2023-09-19T12:00:37","modified_gmt":"2023-09-19T12:00:37","slug":"sazinieties-ar","status":"publish","type":"page","link":"https:\/\/peacock.nu\/lv\/sazinieties-ar\/","title":{"rendered":"Sazinieties ar"},"content":{"rendered":"\n<p>M\u0113s vienm\u0113r nov\u0113rt\u0113jam m\u016bsu las\u012bt\u0101ju atsauksmes un esam gatavi pal\u012bdz\u0113t ar visiem j\u016bsu jaut\u0101jumiem.<\/p>\n\n<p>Ar mums var sazin\u0101ties, izmantojot divus galvenos kan\u0101lus: Skype un m\u016bsu tie\u0161saistes kontaktformu. L\u016bdzu, \u0146emiet v\u0113r\u0101, ka liel\u0101 e-pasta surog\u0101tpasta apjoma d\u0113\u013c <strong>m\u0113s dodam priek\u0161roku sazin\u0101ties ar mums, izmantojot Skype, lai nodro\u0161in\u0101tu, ka j\u016bsu zi\u0146ojums tiek sa\u0146emts<\/strong> un apstr\u0101d\u0101ts efekt\u012bvi.<\/p>\n\n<h2 class=\"wp-block-heading\">Skype<\/h2>\n\n<p>Lai sazin\u0101tos ar mums tie\u0161i un nekav\u0113joties, izmantojiet Skype.  <\/p>\n\n<p><strong>Skype<\/strong>: live:.cid.d5c381bed0056b6c.<\/p>\n\n<p>M\u0113s cen\u0161amies atbild\u0113t uz visiem Skype zi\u0146ojumiem 24 stundu laik\u0101.<\/p>\n\n<h2 class=\"wp-block-heading\">Kontaktinform\u0101cija<\/h2>\n\n<p>Ja v\u0113laties izmantot m\u016bsu sazi\u0146as veidlapu, l\u016bdzu, aizpildiet vajadz\u012bgo inform\u0101ciju zem\u0101k un nos\u016btiet savu zi\u0146ojumu. L\u016bdzu, \u0146emiet v\u0113r\u0101, ka, izmantojot \u0161o metodi, atbildes sa\u0146em\u0161ana var aiz\u0146emt nedaudz ilg\u0101ku laiku, jo sa\u0146emam daudz surog\u0101tpasta v\u0113stu\u013cu.<\/p>\n<p>[wpforms id=&#8221;5691&#8243;]\t<\/p>\n","protected":false},"excerpt":{"rendered":"<p>M\u0113s vienm\u0113r nov\u0113rt\u0113jam m\u016bsu las\u012bt\u0101ju atsauksmes un esam gatavi pal\u012bdz\u0113t ar visiem j\u016bsu jaut\u0101jumiem. Ar mums var sazin\u0101ties, izmantojot divus galvenos kan\u0101lus: Skype un m\u016bsu tie\u0161saistes kontaktformu. L\u016bdzu, \u0146emiet v\u0113r\u0101,&hellip;<\/p>\n","protected":false},"author":1,"featured_media":0,"parent":0,"menu_order":0,"comment_status":"closed","ping_status":"closed","template":"","meta":{"footnotes":""},"class_list":["post-4361","page","type-page","status-publish","hentry"],"yoast_head":"<!-- This site is optimized with the Yoast SEO plugin v23.0 - https:\/\/yoast.com\/wordpress\/plugins\/seo\/ -->\n<title>Sazinieties ar - Peacock<\/title>\n<meta name=\"robots\" content=\"index, follow, max-snippet:-1, max-image-preview:large, max-video-preview:-1\" \/>\n<link rel=\"canonical\" href=\"https:\/\/peacock.nu\/lv\/sazinieties-ar\/\" \/>\n<meta property=\"og:locale\" content=\"lv_LV\" \/>\n<meta property=\"og:type\" content=\"article\" \/>\n<meta property=\"og:title\" content=\"Sazinieties ar - Peacock\" \/>\n<meta property=\"og:description\" content=\"M\u0113s vienm\u0113r nov\u0113rt\u0113jam m\u016bsu las\u012bt\u0101ju atsauksmes un esam gatavi pal\u012bdz\u0113t ar visiem j\u016bsu jaut\u0101jumiem. Ar mums var sazin\u0101ties, izmantojot divus galvenos kan\u0101lus: Skype un m\u016bsu tie\u0161saistes kontaktformu. L\u016bdzu, \u0146emiet v\u0113r\u0101,&hellip;\" \/>\n<meta property=\"og:url\" content=\"https:\/\/peacock.nu\/lv\/sazinieties-ar\/\" \/>\n<meta property=\"og:site_name\" content=\"Peacock\" \/>\n<meta property=\"article:modified_time\" content=\"2023-09-19T12:00:37+00:00\" \/>\n<meta name=\"twitter:card\" content=\"summary_large_image\" \/>\n<meta name=\"twitter:label1\" content=\"Est. reading time\" \/>\n\t<meta name=\"twitter:data1\" content=\"1 minute\" \/>\n<script type=\"application\/ld+json\" class=\"yoast-schema-graph\">{\"@context\":\"https:\/\/schema.org\",\"@graph\":[{\"@type\":\"WebPage\",\"@id\":\"https:\/\/peacock.nu\/lv\/sazinieties-ar\/\",\"url\":\"https:\/\/peacock.nu\/lv\/sazinieties-ar\/\",\"name\":\"Sazinieties ar - Peacock\",\"isPartOf\":{\"@id\":\"https:\/\/peacock.nu\/#website\"},\"datePublished\":\"2022-11-01T10:38:16+00:00\",\"dateModified\":\"2023-09-19T12:00:37+00:00\",\"breadcrumb\":{\"@id\":\"https:\/\/peacock.nu\/lv\/sazinieties-ar\/#breadcrumb\"},\"inLanguage\":\"lv-LV\",\"potentialAction\":[{\"@type\":\"ReadAction\",\"target\":[\"https:\/\/peacock.nu\/lv\/sazinieties-ar\/\"]}]},{\"@type\":\"BreadcrumbList\",\"@id\":\"https:\/\/peacock.nu\/lv\/sazinieties-ar\/#breadcrumb\",\"itemListElement\":[{\"@type\":\"ListItem\",\"position\":1,\"name\":\"Hem\",\"item\":\"https:\/\/peacock.nu\/lv\/pavs\/\"},{\"@type\":\"ListItem\",\"position\":2,\"name\":\"Sazinieties ar\"}]},{\"@type\":\"WebSite\",\"@id\":\"https:\/\/peacock.nu\/#website\",\"url\":\"https:\/\/peacock.nu\/\",\"name\":\"Peacock\",\"description\":\"\",\"potentialAction\":[{\"@type\":\"SearchAction\",\"target\":{\"@type\":\"EntryPoint\",\"urlTemplate\":\"https:\/\/peacock.nu\/?s={search_term_string}\"},\"query-input\":\"required name=search_term_string\"}],\"inLanguage\":\"lv-LV\"}]}<\/script>\n<!-- \/ Yoast SEO plugin. -->","yoast_head_json":{"title":"Sazinieties ar - Peacock","robots":{"index":"index","follow":"follow","max-snippet":"max-snippet:-1","max-image-preview":"max-image-preview:large","max-video-preview":"max-video-preview:-1"},"canonical":"https:\/\/peacock.nu\/lv\/sazinieties-ar\/","og_locale":"lv_LV","og_type":"article","og_title":"Sazinieties ar - Peacock","og_description":"M\u0113s vienm\u0113r nov\u0113rt\u0113jam m\u016bsu las\u012bt\u0101ju atsauksmes un esam gatavi pal\u012bdz\u0113t ar visiem j\u016bsu jaut\u0101jumiem. Ar mums var sazin\u0101ties, izmantojot divus galvenos kan\u0101lus: Skype un m\u016bsu tie\u0161saistes kontaktformu. L\u016bdzu, \u0146emiet v\u0113r\u0101,&hellip;","og_url":"https:\/\/peacock.nu\/lv\/sazinieties-ar\/","og_site_name":"Peacock","article_modified_time":"2023-09-19T12:00:37+00:00","twitter_card":"summary_large_image","twitter_misc":{"Est. reading time":"1 minute"},"schema":{"@context":"https:\/\/schema.org","@graph":[{"@type":"WebPage","@id":"https:\/\/peacock.nu\/lv\/sazinieties-ar\/","url":"https:\/\/peacock.nu\/lv\/sazinieties-ar\/","name":"Sazinieties ar - Peacock","isPartOf":{"@id":"https:\/\/peacock.nu\/#website"},"datePublished":"2022-11-01T10:38:16+00:00","dateModified":"2023-09-19T12:00:37+00:00","breadcrumb":{"@id":"https:\/\/peacock.nu\/lv\/sazinieties-ar\/#breadcrumb"},"inLanguage":"lv-LV","potentialAction":[{"@type":"ReadAction","target":["https:\/\/peacock.nu\/lv\/sazinieties-ar\/"]}]},{"@type":"BreadcrumbList","@id":"https:\/\/peacock.nu\/lv\/sazinieties-ar\/#breadcrumb","itemListElement":[{"@type":"ListItem","position":1,"name":"Hem","item":"https:\/\/peacock.nu\/lv\/pavs\/"},{"@type":"ListItem","position":2,"name":"Sazinieties ar"}]},{"@type":"WebSite","@id":"https:\/\/peacock.nu\/#website","url":"https:\/\/peacock.nu\/","name":"Peacock","description":"","potentialAction":[{"@type":"SearchAction","target":{"@type":"EntryPoint","urlTemplate":"https:\/\/peacock.nu\/?s={search_term_string}"},"query-input":"required name=search_term_string"}],"inLanguage":"lv-LV"}]}},"_links":{"self":[{"href":"https:\/\/peacock.nu\/lv\/wp-json\/wp\/v2\/pages\/4361","targetHints":{"allow":["GET"]}}],"collection":[{"href":"https:\/\/peacock.nu\/lv\/wp-json\/wp\/v2\/pages"}],"about":[{"href":"https:\/\/peacock.nu\/lv\/wp-json\/wp\/v2\/types\/page"}],"author":[{"embeddable":true,"href":"https:\/\/peacock.nu\/lv\/wp-json\/wp\/v2\/users\/1"}],"replies":[{"embeddable":true,"href":"https:\/\/peacock.nu\/lv\/wp-json\/wp\/v2\/comments?post=4361"}],"version-history":[{"count":6,"href":"https:\/\/peacock.nu\/lv\/wp-json\/wp\/v2\/pages\/4361\/revisions"}],"predecessor-version":[{"id":5707,"href":"https:\/\/peacock.nu\/lv\/wp-json\/wp\/v2\/pages\/4361\/revisions\/5707"}],"wp:attachment":[{"href":"https:\/\/peacock.nu\/lv\/wp-json\/wp\/v2\/media?parent=4361"}],"curies":[{"name":"wp","href":"https:\/\/api.w.org\/{rel}","templated":true}]}}